{"id":2,"date":"2024-03-29T09:09:54","date_gmt":"2024-03-29T09:09:54","guid":{"rendered":"http:\/\/ceohn.docksal.site\/?page_id=2"},"modified":"2024-04-08T15:38:07","modified_gmt":"2024-04-08T15:38:07","slug":"trang-mau","status":"publish","type":"page","link":"https:\/\/event.jcithanglong.vn\/resongdonbinhminh1004\/","title":{"rendered":"Trang ch\u1ee7"},"content":{"rendered":"","protected":false},"excerpt":{"rendered":"","protected":false},"author":1,"featured_media":0,"parent":0,"menu_order":0,"comment_status":"closed","ping_status":"open","template":"page-home.php","meta":{"footnotes":""},"acf":[],"yoast_head":"<!-- This site is optimized with the Yoast SEO plugin v22.3 - https:\/\/yoast.com\/wordpress\/plugins\/seo\/ -->\n<title>R\u1ebd s\u00f3ng \u0111\u00f3n b\u00ecnh minh<\/title>\n<meta name=\"robots\" content=\"index, follow, max-snippet:-1, max-image-preview:large, max-video-preview:-1\" \/>\n<link rel=\"canonical\" href=\"https:\/\/event.jcithanglong.vn\/resongdonbinhminh1004\/\" \/>\n<meta property=\"og:locale\" content=\"vi_VN\" \/>\n<meta property=\"og:type\" content=\"article\" \/>\n<meta property=\"og:title\" content=\"R\u1ebd s\u00f3ng \u0111\u00f3n b\u00ecnh minh\" \/>\n<meta property=\"og:url\" content=\"https:\/\/event.jcithanglong.vn\/resongdonbinhminh1004\/\" \/>\n<meta property=\"og:site_name\" content=\"Jci\" \/>\n<meta property=\"article:modified_time\" content=\"2024-04-08T15:38:07+00:00\" \/>\n<meta property=\"og:image\" content=\"https:\/\/event.jcithanglong.vn\/resongdonbinhminh1004\/wp-content\/uploads\/2024\/03\/banner-2.jpg\" \/>\n\t<meta property=\"og:image:width\" content=\"1324\" \/>\n\t<meta property=\"og:image:height\" content=\"766\" \/>\n\t<meta property=\"og:image:type\" content=\"image\/jpeg\" \/>\n<meta name=\"twitter:card\" content=\"summary_large_image\" \/>\n<meta name=\"twitter:image\" content=\"https:\/\/event.jcithanglong.vn\/resongdonbinhminh1004\/wp-content\/uploads\/2024\/03\/banner-2.jpg\" \/>\n<script type=\"application\/ld+json\" class=\"yoast-schema-graph\">{\"@context\":\"https:\/\/schema.org\",\"@graph\":[{\"@type\":\"WebPage\",\"@id\":\"https:\/\/event.jcithanglong.vn\/resongdonbinhminh1004\/\",\"url\":\"https:\/\/event.jcithanglong.vn\/resongdonbinhminh1004\/\",\"name\":\"R\u1ebd s\u00f3ng \u0111\u00f3n b\u00ecnh minh\",\"isPartOf\":{\"@id\":\"https:\/\/event.jcithanglong.vn\/resongdonbinhminh1004\/#website\"},\"datePublished\":\"2024-03-29T09:09:54+00:00\",\"dateModified\":\"2024-04-08T15:38:07+00:00\",\"breadcrumb\":{\"@id\":\"https:\/\/event.jcithanglong.vn\/resongdonbinhminh1004\/#breadcrumb\"},\"inLanguage\":\"vi\",\"potentialAction\":[{\"@type\":\"ReadAction\",\"target\":[\"https:\/\/event.jcithanglong.vn\/resongdonbinhminh1004\/\"]}]},{\"@type\":\"BreadcrumbList\",\"@id\":\"https:\/\/event.jcithanglong.vn\/resongdonbinhminh1004\/#breadcrumb\",\"itemListElement\":[{\"@type\":\"ListItem\",\"position\":1,\"name\":\"Trang ch\u1ee7\",\"item\":\"https:\/\/event.jcithanglong.vn\/resongdonbinhminh1004\/\"},{\"@type\":\"ListItem\",\"position\":2,\"name\":\"Trang ch\u1ee7\"}]},{\"@type\":\"WebSite\",\"@id\":\"https:\/\/event.jcithanglong.vn\/resongdonbinhminh1004\/#website\",\"url\":\"https:\/\/event.jcithanglong.vn\/resongdonbinhminh1004\/\",\"name\":\"Jci\",\"description\":\"\",\"potentialAction\":[{\"@type\":\"SearchAction\",\"target\":{\"@type\":\"EntryPoint\",\"urlTemplate\":\"https:\/\/event.jcithanglong.vn\/resongdonbinhminh1004\/?s={search_term_string}\"},\"query-input\":\"required name=search_term_string\"}],\"inLanguage\":\"vi\"}]}<\/script>\n<!-- \/ Yoast SEO plugin. -->","yoast_head_json":{"title":"R\u1ebd s\u00f3ng \u0111\u00f3n b\u00ecnh minh","robots":{"index":"index","follow":"follow","max-snippet":"max-snippet:-1","max-image-preview":"max-image-preview:large","max-video-preview":"max-video-preview:-1"},"canonical":"https:\/\/event.jcithanglong.vn\/resongdonbinhminh1004\/","og_locale":"vi_VN","og_type":"article","og_title":"R\u1ebd s\u00f3ng \u0111\u00f3n b\u00ecnh minh","og_url":"https:\/\/event.jcithanglong.vn\/resongdonbinhminh1004\/","og_site_name":"Jci","article_modified_time":"2024-04-08T15:38:07+00:00","og_image":[{"width":1324,"height":766,"url":"https:\/\/event.jcithanglong.vn\/resongdonbinhminh1004\/wp-content\/uploads\/2024\/03\/banner-2.jpg","type":"image\/jpeg"}],"twitter_card":"summary_large_image","twitter_image":"https:\/\/event.jcithanglong.vn\/resongdonbinhminh1004\/wp-content\/uploads\/2024\/03\/banner-2.jpg","schema":{"@context":"https:\/\/schema.org","@graph":[{"@type":"WebPage","@id":"https:\/\/event.jcithanglong.vn\/resongdonbinhminh1004\/","url":"https:\/\/event.jcithanglong.vn\/resongdonbinhminh1004\/","name":"R\u1ebd s\u00f3ng \u0111\u00f3n b\u00ecnh minh","isPartOf":{"@id":"https:\/\/event.jcithanglong.vn\/resongdonbinhminh1004\/#website"},"datePublished":"2024-03-29T09:09:54+00:00","dateModified":"2024-04-08T15:38:07+00:00","breadcrumb":{"@id":"https:\/\/event.jcithanglong.vn\/resongdonbinhminh1004\/#breadcrumb"},"inLanguage":"vi","potentialAction":[{"@type":"ReadAction","target":["https:\/\/event.jcithanglong.vn\/resongdonbinhminh1004\/"]}]},{"@type":"BreadcrumbList","@id":"https:\/\/event.jcithanglong.vn\/resongdonbinhminh1004\/#breadcrumb","itemListElement":[{"@type":"ListItem","position":1,"name":"Trang ch\u1ee7","item":"https:\/\/event.jcithanglong.vn\/resongdonbinhminh1004\/"},{"@type":"ListItem","position":2,"name":"Trang ch\u1ee7"}]},{"@type":"WebSite","@id":"https:\/\/event.jcithanglong.vn\/resongdonbinhminh1004\/#website","url":"https:\/\/event.jcithanglong.vn\/resongdonbinhminh1004\/","name":"Jci","description":"","potentialAction":[{"@type":"SearchAction","target":{"@type":"EntryPoint","urlTemplate":"https:\/\/event.jcithanglong.vn\/resongdonbinhminh1004\/?s={search_term_string}"},"query-input":"required name=search_term_string"}],"inLanguage":"vi"}]}},"_links":{"self":[{"href":"https:\/\/event.jcithanglong.vn\/resongdonbinhminh1004\/wp-json\/wp\/v2\/pages\/2"}],"collection":[{"href":"https:\/\/event.jcithanglong.vn\/resongdonbinhminh1004\/wp-json\/wp\/v2\/pages"}],"about":[{"href":"https:\/\/event.jcithanglong.vn\/resongdonbinhminh1004\/wp-json\/wp\/v2\/types\/page"}],"author":[{"embeddable":true,"href":"https:\/\/event.jcithanglong.vn\/resongdonbinhminh1004\/wp-json\/wp\/v2\/users\/1"}],"replies":[{"embeddable":true,"href":"https:\/\/event.jcithanglong.vn\/resongdonbinhminh1004\/wp-json\/wp\/v2\/comments?post=2"}],"version-history":[{"count":67,"href":"https:\/\/event.jcithanglong.vn\/resongdonbinhminh1004\/wp-json\/wp\/v2\/pages\/2\/revisions"}],"predecessor-version":[{"id":167,"href":"https:\/\/event.jcithanglong.vn\/resongdonbinhminh1004\/wp-json\/wp\/v2\/pages\/2\/revisions\/167"}],"wp:attachment":[{"href":"https:\/\/event.jcithanglong.vn\/resongdonbinhminh1004\/wp-json\/wp\/v2\/media?parent=2"}],"curies":[{"name":"wp","href":"https:\/\/api.w.org\/{rel}","templated":true}]}}